{"id":64,"date":"2025-06-03T15:45:15","date_gmt":"2025-06-03T15:45:15","guid":{"rendered":"https:\/\/www.lvisuunnittelutalo.fi\/?page_id=64"},"modified":"2025-06-03T15:48:26","modified_gmt":"2025-06-03T15:48:26","slug":"lvi-valvonta","status":"publish","type":"page","link":"https:\/\/www.lvisuunnittelutalo.fi\/index.php\/lvi-valvonta\/","title":{"rendered":"LVI-valvonta"},"content":{"rendered":"\n<div class=\"wp-block-cover alignfull has-accent-1-color has-text-color has-link-color wp-elements-0c00a078e23531bbd9909211c7a6d22c\" style=\"margin-top:0;margin-bottom:0;padding-top:200px;padding-right:var(--wp--preset--spacing--50);padding-bottom:200px;padding-left:var(--wp--preset--spacing--50);min-height:100vh;aspect-ratio:unset;\"><img loading=\"lazy\" decoding=\"async\" width=\"2560\" height=\"1819\" class=\"wp-block-cover__image-background wp-image-65\" alt=\"Photo of a field full of flowers, a blue sky and a tree.\" src=\"https:\/\/www.lvisuunnittelutalo.fi\/wp-content\/uploads\/2025\/06\/coming-soon-bg-image-1-scaled.webp\" data-object-fit=\"cover\" srcset=\"https:\/\/www.lvisuunnittelutalo.fi\/wp-content\/uploads\/2025\/06\/coming-soon-bg-image-1-scaled.webp 2560w, https:\/\/www.lvisuunnittelutalo.fi\/wp-content\/uploads\/2025\/06\/coming-soon-bg-image-1-300x213.webp 300w, https:\/\/www.lvisuunnittelutalo.fi\/wp-content\/uploads\/2025\/06\/coming-soon-bg-image-1-1024x727.webp 1024w, https:\/\/www.lvisuunnittelutalo.fi\/wp-content\/uploads\/2025\/06\/coming-soon-bg-image-1-768x546.webp 768w, https:\/\/www.lvisuunnittelutalo.fi\/wp-content\/uploads\/2025\/06\/coming-soon-bg-image-1-1536x1091.webp 1536w, https:\/\/www.lvisuunnittelutalo.fi\/wp-content\/uploads\/2025\/06\/coming-soon-bg-image-1-2048x1455.webp 2048w\" sizes=\"auto, (max-width: 2560px) 100vw, 2560px\" \/><span aria-hidden=\"true\" class=\"wp-block-cover__background has-background-dim-10 has-background-dim\"><\/span><div class=\"wp-block-cover__inner-container has-global-padding is-layout-constrained wp-container-core-cover-is-layout-d47c59a2 wp-block-cover-is-layout-constrained\">\n<div class=\"wp-block-group is-vertical is-content-justification-center is-layout-flex wp-container-core-group-is-layout-ce155fab wp-block-group-is-layout-flex\"><\/div>\n\n\n\n<h3 class=\"wp-block-heading has-text-align-center has-xx-large-font-size\">Teen LVI-valvontaa kaiken kokoisiin rakennuksiin:<\/h3>\n\n\n\n<p>LVI-valvonnalla varmistetaan, ett\u00e4 rakentaminen toteutetaan laadittujen suunnitelmien, rakennusm\u00e4\u00e4r\u00e4ysten, ohjeiden ja aikataulujen mukaisesti. Taloyhti\u00f6iden putkistosaneeraushankkeissa toimin rakennuttajan edustajana.<\/p>\n\n\n\n<p>Valvon, ett\u00e4 ty\u00f6t tehd\u00e4\u00e4n suunnitelmien mukaisesti ja ett\u00e4 aikataulut ja kustannukset pit\u00e4v\u00e4t. Autan hankkeen kilpailutuksessa, neuvotteluissa, sopimuksen laadinnassa ja huolehdin, ett\u00e4 loppu- ja takuutarkastukset tehd\u00e4\u00e4n sovitusti.<\/p>\n\n\n\n<p>Olen tarvittaessa my\u00f6s mukana rakennuttajan asiantuntijana jo ty\u00f6n suunnitteluvaiheessa.<\/p>\n\n\n\n<p class=\"has-text-align-center\">Pientalohankkeissa uudis- tai korjausrakentamisessa toimin rakennuttajan edustajana tai KVV-vastaavana eli ty\u00f6njohtajana. KVV-vastaava ty\u00f6njohtaja tulee olla jokaisessa pientalouudishankkeessa. Korjausrakentamisessa hankkeen laajuus, vaativuus ja paikkakunta ratkaisevat, tarvitaanko KVV-vastaavaa.<\/p>\n\n\n\n<p>Ota yhteytt\u00e4:<\/p>\n\n\n\n<p>Janne Koskela<\/p>\n\n\n\n<p>Puh. 0440 310 006<\/p>\n\n\n\n<p>janne.koskela@lvisuunnittelutalo.fi<\/p>\n\n\n\n<div class=\"wp-block-buttons is-content-justification-center is-layout-flex wp-container-core-buttons-is-layout-a89b3969 wp-block-buttons-is-layout-flex\"><\/div>\n<\/div><\/div>\n","protected":false},"excerpt":{"rendered":"","protected":false},"author":1,"featured_media":0,"parent":0,"menu_order":0,"comment_status":"closed","ping_status":"closed","template":"","meta":{"footnotes":""},"class_list":["post-64","page","type-page","status-publish","hentry"],"_links":{"self":[{"href":"https:\/\/www.lvisuunnittelutalo.fi\/index.php\/wp-json\/wp\/v2\/pages\/64","targetHints":{"allow":["GET"]}}],"collection":[{"href":"https:\/\/www.lvisuunnittelutalo.fi\/index.php\/wp-json\/wp\/v2\/pages"}],"about":[{"href":"https:\/\/www.lvisuunnittelutalo.fi\/index.php\/wp-json\/wp\/v2\/types\/page"}],"author":[{"embeddable":true,"href":"https:\/\/www.lvisuunnittelutalo.fi\/index.php\/wp-json\/wp\/v2\/users\/1"}],"replies":[{"embeddable":true,"href":"https:\/\/www.lvisuunnittelutalo.fi\/index.php\/wp-json\/wp\/v2\/comments?post=64"}],"version-history":[{"count":3,"href":"https:\/\/www.lvisuunnittelutalo.fi\/index.php\/wp-json\/wp\/v2\/pages\/64\/revisions"}],"predecessor-version":[{"id":68,"href":"https:\/\/www.lvisuunnittelutalo.fi\/index.php\/wp-json\/wp\/v2\/pages\/64\/revisions\/68"}],"wp:attachment":[{"href":"https:\/\/www.lvisuunnittelutalo.fi\/index.php\/wp-json\/wp\/v2\/media?parent=64"}],"curies":[{"name":"wp","href":"https:\/\/api.w.org\/{rel}","templated":true}]}}