{"id":49,"date":"2025-06-03T15:14:33","date_gmt":"2025-06-03T15:14:33","guid":{"rendered":"https:\/\/www.lvisuunnittelutalo.fi\/?page_id=49"},"modified":"2025-06-03T15:25:33","modified_gmt":"2025-06-03T15:25:33","slug":"lvi-projektinjohtotehtavat","status":"publish","type":"page","link":"https:\/\/www.lvisuunnittelutalo.fi\/index.php\/lvi-projektinjohtotehtavat\/","title":{"rendered":"LVI-projektinjohtoteht\u00e4v\u00e4t"},"content":{"rendered":"\n<div class=\"wp-block-cover alignfull has-accent-1-color has-text-color has-link-color wp-elements-80f12e581508f58dd02402d1d9a002c7\" style=\"margin-top:0;margin-bottom:0;padding-top:200px;padding-right:var(--wp--preset--spacing--50);padding-bottom:200px;padding-left:var(--wp--preset--spacing--50);min-height:2233px;aspect-ratio:unset;\"><img loading=\"lazy\" decoding=\"async\" width=\"2560\" height=\"1819\" class=\"wp-block-cover__image-background wp-image-50\" alt=\"Photo of a field full of flowers, a blue sky and a tree.\" src=\"https:\/\/www.lvisuunnittelutalo.fi\/wp-content\/uploads\/2025\/06\/coming-soon-bg-image-scaled.webp\" data-object-fit=\"cover\" srcset=\"https:\/\/www.lvisuunnittelutalo.fi\/wp-content\/uploads\/2025\/06\/coming-soon-bg-image-scaled.webp 2560w, https:\/\/www.lvisuunnittelutalo.fi\/wp-content\/uploads\/2025\/06\/coming-soon-bg-image-300x213.webp 300w, https:\/\/www.lvisuunnittelutalo.fi\/wp-content\/uploads\/2025\/06\/coming-soon-bg-image-1024x727.webp 1024w, https:\/\/www.lvisuunnittelutalo.fi\/wp-content\/uploads\/2025\/06\/coming-soon-bg-image-768x546.webp 768w, https:\/\/www.lvisuunnittelutalo.fi\/wp-content\/uploads\/2025\/06\/coming-soon-bg-image-1536x1091.webp 1536w, https:\/\/www.lvisuunnittelutalo.fi\/wp-content\/uploads\/2025\/06\/coming-soon-bg-image-2048x1455.webp 2048w\" sizes=\"auto, (max-width: 2560px) 100vw, 2560px\" \/><span aria-hidden=\"true\" class=\"wp-block-cover__background has-background-dim-10 has-background-dim\"><\/span><div class=\"wp-block-cover__inner-container has-global-padding is-layout-constrained wp-container-core-cover-is-layout-d47c59a2 wp-block-cover-is-layout-constrained\">\n<h3 class=\"wp-block-heading has-text-align-center has-xx-large-font-size\">Tarjoan projektinjohtoteht\u00e4vi\u00e4 niin perinteisiss\u00e4 linjasaneeraushankkeissa kuin vaihtoehtoisissa putkiremonteissa.<\/h3>\n\n\n\n<p>Hallituksella tai is\u00e4nn\u00f6itsij\u00e4ll\u00e4 ei usein ole aikaa ja tarvittavaa osaamista paneutua hankkeeseen. Hankkeen onnistumisen kannalta on hyv\u00e4 heti alussa palkata ammattiosaaja, joka ottaa ohjat k\u00e4siin. Projektinjohtaja johtaa hanketta, ja h\u00e4nell\u00e4 on hyv\u00e4 kokonaisk\u00e4sitys asioista.<\/p>\n\n\n\n<p>Palvelut muun muassa:<\/p>\n\n\n\n<p><a href=\"http:\/\/www.lvisuunnittelutalo.fi\/lvi-suunittelu-ja-valvonta\/putkiremontti-linjasaneeraus\">Perinteinen putkiremontti<\/a>: Vesi- ja viem\u00e4riputkistot uusitaan.<\/p>\n\n\n\n<p>Projektinjohto<\/p>\n\n\n\n<p>Kilpailutus<\/p>\n\n\n\n<p>Neuvottelut<\/p>\n\n\n\n<p>Sopimusten laadinta<\/p>\n\n\n\n<p>Aikataulujen laadinta ja seuranta<\/p>\n\n\n\n<p>LVI-valvonta<\/p>\n\n\n\n<p>M\u00e4rk\u00e4tilat\u00f6iden valvonta<\/p>\n\n\n\n<p><a href=\"http:\/\/www.lvisuunnittelutalo.fi\/lvi-suunittelu-ja-valvonta\/putkiremontti-sukitus\">Vaihtoehtoinen putkiremontti \u2013 sukitus ja pinnoitus<\/a>: Vesi ja viem\u00e4riputkistot pinnoitetaan tai sukitetaan.<\/p>\n\n\n\n<p>Projektin johto<\/p>\n\n\n\n<p>Putkiston suunnittelu<\/p>\n\n\n\n<p>Kilpailutus<\/p>\n\n\n\n<p>Ota yhteytt\u00e4:<\/p>\n\n\n\n<p>Janne Koskela<\/p>\n\n\n\n<p>Puh. 0440 310 006<\/p>\n\n\n\n<p>janne.koskela@lvisuunnittelutalo.fi<\/p>\n<\/div><\/div>\n","protected":false},"excerpt":{"rendered":"","protected":false},"author":1,"featured_media":0,"parent":0,"menu_order":0,"comment_status":"closed","ping_status":"closed","template":"","meta":{"footnotes":""},"class_list":["post-49","page","type-page","status-publish","hentry"],"_links":{"self":[{"href":"https:\/\/www.lvisuunnittelutalo.fi\/index.php\/wp-json\/wp\/v2\/pages\/49","targetHints":{"allow":["GET"]}}],"collection":[{"href":"https:\/\/www.lvisuunnittelutalo.fi\/index.php\/wp-json\/wp\/v2\/pages"}],"about":[{"href":"https:\/\/www.lvisuunnittelutalo.fi\/index.php\/wp-json\/wp\/v2\/types\/page"}],"author":[{"embeddable":true,"href":"https:\/\/www.lvisuunnittelutalo.fi\/index.php\/wp-json\/wp\/v2\/users\/1"}],"replies":[{"embeddable":true,"href":"https:\/\/www.lvisuunnittelutalo.fi\/index.php\/wp-json\/wp\/v2\/comments?post=49"}],"version-history":[{"count":8,"href":"https:\/\/www.lvisuunnittelutalo.fi\/index.php\/wp-json\/wp\/v2\/pages\/49\/revisions"}],"predecessor-version":[{"id":60,"href":"https:\/\/www.lvisuunnittelutalo.fi\/index.php\/wp-json\/wp\/v2\/pages\/49\/revisions\/60"}],"wp:attachment":[{"href":"https:\/\/www.lvisuunnittelutalo.fi\/index.php\/wp-json\/wp\/v2\/media?parent=49"}],"curies":[{"name":"wp","href":"https:\/\/api.w.org\/{rel}","templated":true}]}}