{"id":40,"date":"2025-06-03T10:13:31","date_gmt":"2025-06-03T10:13:31","guid":{"rendered":"https:\/\/www.lvisuunnittelutalo.fi\/?page_id=40"},"modified":"2025-06-03T15:23:57","modified_gmt":"2025-06-03T15:23:57","slug":"lvi-suunnittelutalo-oy-on-putkiremontteihin-erikoistunut-lvi-suunnittelu-ja-lvi-valvontatoimisto","status":"publish","type":"page","link":"https:\/\/www.lvisuunnittelutalo.fi\/","title":{"rendered":"LVI Suunnittelutalo Oy on putkiremontteihin erikoistunut LVI-suunnittelu ja LVI-valvontatoimisto."},"content":{"rendered":"\n<div class=\"wp-block-cover alignfull has-accent-1-color has-text-color has-link-color wp-elements-2a4472924f8386622a310ea31d492c0c\" style=\"margin-top:0;margin-bottom:0;padding-top:200px;padding-right:var(--wp--preset--spacing--50);padding-bottom:200px;padding-left:var(--wp--preset--spacing--50);min-height:100vh;aspect-ratio:unset;\"><img decoding=\"async\" class=\"wp-block-cover__image-background\" alt=\"Photo of a field full of flowers, a blue sky and a tree.\" src=\"https:\/\/www.lvisuunnittelutalo.fi\/wp-content\/themes\/twentytwentyfive\/assets\/images\/coming-soon-bg-image.webp\" data-object-fit=\"cover\"\/><span aria-hidden=\"true\" class=\"wp-block-cover__background has-background-dim-10 has-background-dim\"><\/span><div class=\"wp-block-cover__inner-container has-global-padding is-layout-constrained wp-container-core-cover-is-layout-d47c59a2 wp-block-cover-is-layout-constrained\">\n<p>Nimeni on Janne Koskela. Olen valmistunut Mikkelin ammattikorkeakoulusta vuonna 1996 LVI-insin\u00f6\u00f6riksi. Taloustieteen kandidaatiksi valmistuin Hullin yliopistosta vuonna 1999. Valmistumisen j\u00e4lkeen toimin pankkialalla vuoteen 2004 saakka. T\u00e4m\u00e4n j\u00e4lkeen olin perustamassa ja johdin viem\u00e4reiden sukitusyrityst\u00e4 vuoteen 2011 saakka. Vuoden 2011 j\u00e4lkeen perustin nykyisen yrityksen, joka on tehnyt LVI-suunnittelu-, -valvonta- ja projektinjohtoteht\u00e4vi\u00e4 taloyhti\u00f6ille, teollisuudelle ja kunnille.<\/p>\n\n\n\n<p>T\u00e4ll\u00e4 hetkell\u00e4 tarjoan seuraavia palveluita.<\/p>\n\n\n\n<p>LVI-projektinjohtoteht\u00e4v\u00e4t, Putkiremontti, linjasaneeraus<\/p>\n\n\n\n<p>LVI-valvonta, Putkiremontti, linjasaneeraus<\/p>\n\n\n\n<p>Viem\u00e4riremonttien valvonta ja suunnittelu \u2013 sukitus ja pinnoitus<\/p>\n\n\n\n<p>M\u00e4rk\u00e4tilat\u00f6iden valvonta, kylpyhuoneremontti,vedeneristys<\/p>\n\n\n\n<p>Energiatodistusten laadinta<\/p>\n\n\n\n<p>Minulla on hyv\u00e4ksytty suoritus m\u00e4rk\u00e4tilat\u00f6iden valvojan sertifiointitentist\u00e4 (VTT). Lis\u00e4ksi minulla on energiatodistuksen laatijan p\u00e4tevyys.<\/p>\n\n\n\n<p>Ota yhteytt\u00e4:<\/p>\n\n\n\n<p>Janne Koskela<\/p>\n\n\n\n<p>Puh. 0440 310 006<\/p>\n\n\n\n<p>janne.koskela@lvisuunnittelutalo.fi<\/p>\n\n\n\n<p>LVI-insin\u00f6\u00f6ri (MAMK 1996) ja  Taloustieteen kandidaatti (Hull University, Englanti 1999)<\/p>\n<\/div><\/div>\n","protected":false},"excerpt":{"rendered":"","protected":false},"author":1,"featured_media":0,"parent":0,"menu_order":0,"comment_status":"closed","ping_status":"closed","template":"","meta":{"footnotes":""},"class_list":["post-40","page","type-page","status-publish","hentry"],"_links":{"self":[{"href":"https:\/\/www.lvisuunnittelutalo.fi\/index.php\/wp-json\/wp\/v2\/pages\/40","targetHints":{"allow":["GET"]}}],"collection":[{"href":"https:\/\/www.lvisuunnittelutalo.fi\/index.php\/wp-json\/wp\/v2\/pages"}],"about":[{"href":"https:\/\/www.lvisuunnittelutalo.fi\/index.php\/wp-json\/wp\/v2\/types\/page"}],"author":[{"embeddable":true,"href":"https:\/\/www.lvisuunnittelutalo.fi\/index.php\/wp-json\/wp\/v2\/users\/1"}],"replies":[{"embeddable":true,"href":"https:\/\/www.lvisuunnittelutalo.fi\/index.php\/wp-json\/wp\/v2\/comments?post=40"}],"version-history":[{"count":6,"href":"https:\/\/www.lvisuunnittelutalo.fi\/index.php\/wp-json\/wp\/v2\/pages\/40\/revisions"}],"predecessor-version":[{"id":57,"href":"https:\/\/www.lvisuunnittelutalo.fi\/index.php\/wp-json\/wp\/v2\/pages\/40\/revisions\/57"}],"wp:attachment":[{"href":"https:\/\/www.lvisuunnittelutalo.fi\/index.php\/wp-json\/wp\/v2\/media?parent=40"}],"curies":[{"name":"wp","href":"https:\/\/api.w.org\/{rel}","templated":true}]}}